{"id":9801,"date":"2017-11-29T10:16:13","date_gmt":"2017-11-29T08:16:13","guid":{"rendered":"http:\/\/bertwin.de\/irmgard-melitta\/?page_id=9801"},"modified":"2021-10-13T10:42:08","modified_gmt":"2021-10-13T08:42:08","slug":"benefizkonzert","status":"publish","type":"page","link":"https:\/\/bertwin.de\/irmgard-melitta\/?page_id=9801","title":{"rendered":"Benefizkonzert 18.11.2017"},"content":{"rendered":"<p>Zu einem Benefizkonzert zugunsten der Renovierung der Pfarrkirche Mutter Anna in Sanktanna luden am <strong>18. November 2017<\/strong> der <strong>Chor der Banater Schwaben Karlsruhe<\/strong> unter Leitung von Frau <strong>Sonja Salman<\/strong> und der F\u00f6rderverein der Mutter-Anna-Kirche Sanktanna e.V. in die St. Josef Kirche, Karlsruhe-Gr\u00fcnwinkel, ein.<\/p>\n<p>Unter dem Motto \u201eKlangvolle Beweise der Erhaltung kultureller Tradition\u201c wurde dem Publikum eine stilistische Breite von zeitgen\u00f6ssischer und historischer, weltlicher und geistlicher Musik, sowie volkst\u00fcmlicher Musik zu Geh\u00f6r gebracht. Im Programm standen Werke von: Ludwig van Beethoven, Franz Schubert, Johann Strauss (Sohn), Franz Liszt, Felix Mendelssohn Bartholdy, Henry Purcell, Josef Linster, Walter Geiger, Hanne Haller, Lorenz Maierhofer, Gerhard Winkler u. a.<\/p>\n<p>Die Solistinnen<strong> Irmgard Holzinger-Fr\u00f6hr<\/strong> und <strong>Melitta Giel<\/strong> erg\u00e4nzten und bereicherten mit ihren Sopranstimmen die Chordarbietungen. Vom musischen H\u00f6rgenuss zum optischen Zauber des Abends f\u00fchrten Jugendliche der Tanzgruppe<strong> \u201eBanater<\/strong> <strong>Schwabenkinder\u201c<\/strong> unter der Leitung von <strong>Dagmar \u00d6sterreicher.<\/strong><\/p>\n<p><img loading=\"lazy\" decoding=\"async\" class=\"alignleft size-full wp-image-9809\" src=\"http:\/\/bertwin.de\/irmgard-melitta\/wp-content\/uploads\/2017\/11\/IMG_9916_1510.jpg\" alt=\"\" width=\"500\" height=\"333\" \/><\/p>\n<p><iframe loading=\"lazy\" title=\"&quot;Die Himmel r\u00fchmen&quot; - Chor der Banater Schwaben Karlsruhe-Video Ottmar Liep\" width=\"584\" height=\"329\" src=\"https:\/\/www.youtube.com\/embed\/WxFesZWbkKs?feature=oembed\" frameborder=\"0\" allow=\"accelerometer; autoplay; clipboard-write; encrypted-media; gyroscope; picture-in-picture; web-share\" referrerpolicy=\"strict-origin-when-cross-origin\" allowfullscreen><\/iframe><\/p>\n<p><iframe loading=\"lazy\" title=\"&quot;Lobt den Herrn der Welt&quot; - Chor der Banater Schwaben Karlsruhe-Video Ottmar Liep\" width=\"584\" height=\"329\" src=\"https:\/\/www.youtube.com\/embed\/_ViYexCP7Kc?feature=oembed\" frameborder=\"0\" allow=\"accelerometer; autoplay; clipboard-write; encrypted-media; gyroscope; picture-in-picture; web-share\" referrerpolicy=\"strict-origin-when-cross-origin\" allowfullscreen><\/iframe><\/p>\n<p><iframe loading=\"lazy\" title=\"&quot;Ave Maria&quot; - Irmgard Holzinger-Fr\u00f6hr&amp;Melitta Giel (am Klavier: Sonja Salman)-Video Ottmar Liep\" width=\"584\" height=\"329\" src=\"https:\/\/www.youtube.com\/embed\/zN1CEV6BLvM?feature=oembed\" frameborder=\"0\" allow=\"accelerometer; autoplay; clipboard-write; encrypted-media; gyroscope; picture-in-picture; web-share\" referrerpolicy=\"strict-origin-when-cross-origin\" allowfullscreen><\/iframe><\/p>\n<p><iframe loading=\"lazy\" title=\"&quot;Die kleine Bergkirche&quot; - Irmgard Holzinger-Fr\u00f6hr, Dietmar Giel, Melitta Giel-Video Ottmar Liep\" width=\"584\" height=\"329\" src=\"https:\/\/www.youtube.com\/embed\/u0kPrQiv2Ck?feature=oembed\" frameborder=\"0\" allow=\"accelerometer; autoplay; clipboard-write; encrypted-media; gyroscope; picture-in-picture; web-share\" referrerpolicy=\"strict-origin-when-cross-origin\" allowfullscreen><\/iframe><\/p>\n<p><iframe loading=\"lazy\" title=\"&quot;Vater unser&quot; - Chor der Banater Schwaben Karlsruhe-Video Ottmar Liep\" width=\"584\" height=\"329\" src=\"https:\/\/www.youtube.com\/embed\/B7xl3IpvlYw?start=3&#038;feature=oembed\" frameborder=\"0\" allow=\"accelerometer; autoplay; clipboard-write; encrypted-media; gyroscope; picture-in-picture; web-share\" referrerpolicy=\"strict-origin-when-cross-origin\" allowfullscreen><\/iframe><\/p>\n<p><iframe loading=\"lazy\" title=\"&quot;Segne du Maria&quot; - Chor der Banater Schwaben Karlsruhe-Video Ottmar Liep\" width=\"584\" height=\"329\" src=\"https:\/\/www.youtube.com\/embed\/con84eKSJGs?feature=oembed\" frameborder=\"0\" allow=\"accelerometer; autoplay; clipboard-write; encrypted-media; gyroscope; picture-in-picture; web-share\" referrerpolicy=\"strict-origin-when-cross-origin\" allowfullscreen><\/iframe><\/p>\n<p><iframe loading=\"lazy\" title=\"&quot;Segen will uns tragen&quot; - Chor der Banater Schwaben Karlsruhe- Video Ottmar Liep\" width=\"584\" height=\"329\" src=\"https:\/\/www.youtube.com\/embed\/CBvJUBktdtM?feature=oembed\" frameborder=\"0\" allow=\"accelerometer; autoplay; clipboard-write; encrypted-media; gyroscope; picture-in-picture; web-share\" referrerpolicy=\"strict-origin-when-cross-origin\" allowfullscreen><\/iframe><\/p>\n<p><iframe loading=\"lazy\" title=\"&quot;Mein Heimatland, Banaterland&quot; - Chor der Banater Schwaben Karlsruhe-Video Ottmar Liep\" width=\"584\" height=\"329\" src=\"https:\/\/www.youtube.com\/embed\/yZG9u4gqkwU?feature=oembed\" frameborder=\"0\" allow=\"accelerometer; autoplay; clipboard-write; encrypted-media; gyroscope; picture-in-picture; web-share\" referrerpolicy=\"strict-origin-when-cross-origin\" allowfullscreen><\/iframe><\/p>\n<p><iframe loading=\"lazy\" title=\"&quot;Vor meinem Vaterhaus&quot; - Melitta Giel &amp; Irmgard Holzinger-Fr\u00f6hr-Video Ottmar Liep\" width=\"584\" height=\"329\" src=\"https:\/\/www.youtube.com\/embed\/ToTxhsJPo0M?feature=oembed\" frameborder=\"0\" allow=\"accelerometer; autoplay; clipboard-write; encrypted-media; gyroscope; picture-in-picture; web-share\" referrerpolicy=\"strict-origin-when-cross-origin\" allowfullscreen><\/iframe><\/p>\n<p><iframe loading=\"lazy\" title=\"&quot;M\u00f6we, du fliegst in die Heimat&quot; - Chor der Banater Schwaben Karlsruhe-Video Ottmar Liep\" width=\"584\" height=\"329\" src=\"https:\/\/www.youtube.com\/embed\/45i59DUJetA?feature=oembed\" frameborder=\"0\" allow=\"accelerometer; autoplay; clipboard-write; encrypted-media; gyroscope; picture-in-picture; web-share\" referrerpolicy=\"strict-origin-when-cross-origin\" allowfullscreen><\/iframe><\/p>\n<p><iframe loading=\"lazy\" title=\"&quot;Lieder sind Heimat&quot; - Irmgard Holzinger-Fr\u00f6hr &amp; Melitta Giel-Video Ottmar Liep\" width=\"584\" height=\"329\" src=\"https:\/\/www.youtube.com\/embed\/4HCgizP1MQ8?feature=oembed\" frameborder=\"0\" allow=\"accelerometer; autoplay; clipboard-write; encrypted-media; gyroscope; picture-in-picture; web-share\" referrerpolicy=\"strict-origin-when-cross-origin\" allowfullscreen><\/iframe><\/p>\n<p><iframe loading=\"lazy\" title=\"&quot;An der sch\u00f6nen blauen Donau&quot; - Chor der Banater Schwaben Karlsruhe &amp; &quot;Banater Schwabenkinder&quot;-\" width=\"584\" height=\"329\" src=\"https:\/\/www.youtube.com\/embed\/QXCOWvP8uQw?start=4&#038;feature=oembed\" frameborder=\"0\" allow=\"accelerometer; autoplay; clipboard-write; encrypted-media; gyroscope; picture-in-picture; web-share\" referrerpolicy=\"strict-origin-when-cross-origin\" allowfullscreen><\/iframe><\/p>\n","protected":false},"excerpt":{"rendered":"<p>Zu einem Benefizkonzert zugunsten der Renovierung der Pfarrkirche Mutter Anna in Sanktanna luden am 18. November 2017 der Chor der Banater Schwaben Karlsruhe unter Leitung von Frau Sonja Salman und der F\u00f6rderverein der Mutter-Anna-Kirche Sanktanna e.V. in die St. Josef &hellip; <a href=\"https:\/\/bertwin.de\/irmgard-melitta\/?page_id=9801\">Weiterlesen <span class=\"meta-nav\">&rarr;<\/span><\/a><\/p>\n","protected":false},"author":2,"featured_media":0,"parent":0,"menu_order":0,"comment_status":"closed","ping_status":"closed","template":"","meta":{"footnotes":""},"class_list":["post-9801","page","type-page","status-publish","hentry"],"_links":{"self":[{"href":"https:\/\/bertwin.de\/irmgard-melitta\/index.php?rest_route=\/wp\/v2\/pages\/9801","targetHints":{"allow":["GET"]}}],"collection":[{"href":"https:\/\/bertwin.de\/irmgard-melitta\/index.php?rest_route=\/wp\/v2\/pages"}],"about":[{"href":"https:\/\/bertwin.de\/irmgard-melitta\/index.php?rest_route=\/wp\/v2\/types\/page"}],"author":[{"embeddable":true,"href":"https:\/\/bertwin.de\/irmgard-melitta\/index.php?rest_route=\/wp\/v2\/users\/2"}],"replies":[{"embeddable":true,"href":"https:\/\/bertwin.de\/irmgard-melitta\/index.php?rest_route=%2Fwp%2Fv2%2Fcomments&post=9801"}],"version-history":[{"count":11,"href":"https:\/\/bertwin.de\/irmgard-melitta\/index.php?rest_route=\/wp\/v2\/pages\/9801\/revisions"}],"predecessor-version":[{"id":10842,"href":"https:\/\/bertwin.de\/irmgard-melitta\/index.php?rest_route=\/wp\/v2\/pages\/9801\/revisions\/10842"}],"wp:attachment":[{"href":"https:\/\/bertwin.de\/irmgard-melitta\/index.php?rest_route=%2Fwp%2Fv2%2Fmedia&parent=9801"}],"curies":[{"name":"wp","href":"https:\/\/api.w.org\/{rel}","templated":true}]}}