{"id":9189,"date":"2016-05-12T15:00:12","date_gmt":"2016-05-12T13:00:12","guid":{"rendered":"http:\/\/bertwin.de\/irmgard-melitta\/?page_id=9189"},"modified":"2023-09-08T10:34:06","modified_gmt":"2023-09-08T08:34:06","slug":"benefizkonzert-ettlingen","status":"publish","type":"page","link":"https:\/\/bertwin.de\/irmgard-melitta\/?page_id=9189","title":{"rendered":"Benefizkonzert Ettlingen"},"content":{"rendered":"<p><strong>Bunter Melodienstrau\u00df<\/strong><\/p>\n<p><strong>Lions Club Ettlingen organisiert gelungenes Konzert<\/strong><\/p>\n<p>Seit 1994 ist Lions in Ettlingen als Club vertreten, um bei materieller Not zu helfen, insbesondere in der Stadt und der Region, aber auch in der Ferne. Hilfe f\u00fcr Erdbebenopfer in Nepal geh\u00f6rt hier dazu oder die Aktion \u201eSight First\u201c, die den Aufbau von Augenkliniken in Afrika unterst\u00fctzt. Mit einem Fr\u00fchlingskonzert in der Schlossgartenhalle, dessen Erl\u00f6s der Jugendf\u00f6rderung in Ettlingen zugutekommt, gelang dem Lions Club ein bunter und unterhaltsamer Musikabend, der f\u00fcr jeden Geschmack das Richtige auf die B\u00fchne zauberte.<\/p>\n<p>Als Entree bewiesen Lehrkr\u00e4fte der seit 1983 in Karlsruhe ans\u00e4ssigen privaten Musikschule <strong>Eva Wasmer<\/strong> das ansprechende Niveau dieser Lehreinrichtung. <strong>Yulia Drukh<\/strong> (Klarinette) meisterte dynamisch sehr versiert, am Fl\u00fcgel begleitet von <strong>Vitalij Baglaj<\/strong>, die Konzertfantasie von Luigi Bassi \u00fcber Themen aus Verdis Oper \u201eRigoletto\u201c und eine Bearbeitung des \u201eTanzes der Zuckerfee\u201c aus Tschaikowskys Ballett \u201eDer Nussknacker\u201c; dazwischen erklang der Jazz-Klassiker von Sidney Bechet aus dem Jahre 1952, \u201ePetite Fleur\u201c. Im Anschluss daran verzauberte die Sopranistin <strong>Melitta Giel<\/strong>, ebenfalls von <strong>Baglaj<\/strong> begleitet, mit der Arie der Giuditta \u201eMeine Lippen, sie k\u00fcssen so hei\u00df\u201c aus dem 4. Bild der gleichnamigen Operette von Leh\u00e1r. Als gern geh\u00f6rte \u201eWiederholungst\u00e4ter\u201c steuerten \u201e<strong>Die Ehemaligen<\/strong>\u201c des Karlsruher Kammerchores am Helmholtz-Gymnasium, mit ungebrochener Passion und Akribie geleitet von Reinhard Kretschmann, vierstimmige Ges\u00e4nge von Joseph Haydn bei, am Fl\u00fcgel von Magdalena Bruschke begleitet.<\/p>\n<p>Einen wahren Ohrwurm-Wirbel entbot zum Beschluss das <strong>Mandolinen-orchester Ettlingen<\/strong> unter der souver\u00e4nen wie exakten Leitung von <strong>Boris Bj\u00f6rn Bagger<\/strong>, die von der katalanischen Romantik eines Francisco T\u00e1rrega (\u201eRecuerdos de la Alhambra\u201c) bis zu dem 1975 entstandenen \u201eShine On You Crazy Diamond\u201c der Gruppe \u201ePink Floyd\u201c mit seinem charakteristischen Intro (E-Gitarre Michael R\u00fcber). Zu umjubelten Momenten wurden dabei auch die Barcarole aus Offenbachs \u201eHoffmanns Erz\u00e4hlungen\u201c mit den Sopranistinnen <strong>Melitta Giel<\/strong> und <strong>Andrea Steiner, <\/strong>der Song \u201eOne Moment in Time\u201c (Hammond\/Bettis), mit dem Whitney Houston 1988 die Olympischen Spiele begleitete, nachempfunden von <strong>Andrea Steiner<\/strong>. Ein gelungener Abend f\u00fcr einen guten Zweck.<\/p>\n<p><strong><a href=\"http:\/\/bertwin.de\/irmgard-melitta\/wp-content\/uploads\/2016\/05\/02.jpg\" rel=\"lightbox[9189]\"><img loading=\"lazy\" decoding=\"async\" class=\"alignleft size-full wp-image-9191\" src=\"http:\/\/bertwin.de\/irmgard-melitta\/wp-content\/uploads\/2016\/05\/02.jpg\" alt=\"02\" width=\"222\" height=\"333\" srcset=\"https:\/\/bertwin.de\/irmgard-melitta\/wp-content\/uploads\/2016\/05\/02.jpg 222w, https:\/\/bertwin.de\/irmgard-melitta\/wp-content\/uploads\/2016\/05\/02-200x300.jpg 200w\" sizes=\"auto, (max-width: 222px) 100vw, 222px\" \/><\/a><a href=\"http:\/\/bertwin.de\/irmgard-melitta\/wp-content\/uploads\/2016\/05\/05.jpg\" rel=\"lightbox[9189]\"><img loading=\"lazy\" decoding=\"async\" class=\"alignleft size-full wp-image-9194\" src=\"http:\/\/bertwin.de\/irmgard-melitta\/wp-content\/uploads\/2016\/05\/05.jpg\" alt=\"05\" width=\"500\" height=\"333\" srcset=\"https:\/\/bertwin.de\/irmgard-melitta\/wp-content\/uploads\/2016\/05\/05.jpg 500w, https:\/\/bertwin.de\/irmgard-melitta\/wp-content\/uploads\/2016\/05\/05-300x200.jpg 300w, https:\/\/bertwin.de\/irmgard-melitta\/wp-content\/uploads\/2016\/05\/05-450x300.jpg 450w\" sizes=\"auto, (max-width: 500px) 100vw, 500px\" \/><\/a><a href=\"http:\/\/bertwin.de\/irmgard-melitta\/wp-content\/uploads\/2016\/05\/08.jpg\" rel=\"lightbox[9189]\"><img loading=\"lazy\" decoding=\"async\" class=\"alignleft size-full wp-image-9197\" src=\"http:\/\/bertwin.de\/irmgard-melitta\/wp-content\/uploads\/2016\/05\/08.jpg\" alt=\"08\" width=\"500\" height=\"333\" srcset=\"https:\/\/bertwin.de\/irmgard-melitta\/wp-content\/uploads\/2016\/05\/08.jpg 500w, https:\/\/bertwin.de\/irmgard-melitta\/wp-content\/uploads\/2016\/05\/08-300x200.jpg 300w, https:\/\/bertwin.de\/irmgard-melitta\/wp-content\/uploads\/2016\/05\/08-450x300.jpg 450w\" sizes=\"auto, (max-width: 500px) 100vw, 500px\" \/><\/a><a href=\"http:\/\/bertwin.de\/irmgard-melitta\/wp-content\/uploads\/2016\/05\/10.jpg\" rel=\"lightbox[9189]\"><img loading=\"lazy\" decoding=\"async\" class=\"alignleft size-full wp-image-9199\" src=\"http:\/\/bertwin.de\/irmgard-melitta\/wp-content\/uploads\/2016\/05\/10.jpg\" alt=\"10\" width=\"222\" height=\"333\" srcset=\"https:\/\/bertwin.de\/irmgard-melitta\/wp-content\/uploads\/2016\/05\/10.jpg 222w, https:\/\/bertwin.de\/irmgard-melitta\/wp-content\/uploads\/2016\/05\/10-200x300.jpg 200w\" sizes=\"auto, (max-width: 222px) 100vw, 222px\" \/><\/a><a href=\"http:\/\/bertwin.de\/irmgard-melitta\/wp-content\/uploads\/2016\/05\/11.jpg\" rel=\"lightbox[9189]\"><img loading=\"lazy\" decoding=\"async\" class=\"alignleft size-full wp-image-9200\" src=\"http:\/\/bertwin.de\/irmgard-melitta\/wp-content\/uploads\/2016\/05\/11.jpg\" alt=\"11\" width=\"221\" height=\"333\" srcset=\"https:\/\/bertwin.de\/irmgard-melitta\/wp-content\/uploads\/2016\/05\/11.jpg 221w, https:\/\/bertwin.de\/irmgard-melitta\/wp-content\/uploads\/2016\/05\/11-199x300.jpg 199w\" sizes=\"auto, (max-width: 221px) 100vw, 221px\" \/><\/a><\/strong><\/p>\n","protected":false},"excerpt":{"rendered":"<p>Bunter Melodienstrau\u00df Lions Club Ettlingen organisiert gelungenes Konzert Seit 1994 ist Lions in Ettlingen als Club vertreten, um bei materieller Not zu helfen, insbesondere in der Stadt und der Region, aber auch in der Ferne. Hilfe f\u00fcr Erdbebenopfer in Nepal &hellip; <a href=\"https:\/\/bertwin.de\/irmgard-melitta\/?page_id=9189\">Weiterlesen <span class=\"meta-nav\">&rarr;<\/span><\/a><\/p>\n","protected":false},"author":2,"featured_media":0,"parent":0,"menu_order":0,"comment_status":"closed","ping_status":"closed","template":"","meta":{"footnotes":""},"class_list":["post-9189","page","type-page","status-publish","hentry"],"_links":{"self":[{"href":"https:\/\/bertwin.de\/irmgard-melitta\/index.php?rest_route=\/wp\/v2\/pages\/9189","targetHints":{"allow":["GET"]}}],"collection":[{"href":"https:\/\/bertwin.de\/irmgard-melitta\/index.php?rest_route=\/wp\/v2\/pages"}],"about":[{"href":"https:\/\/bertwin.de\/irmgard-melitta\/index.php?rest_route=\/wp\/v2\/types\/page"}],"author":[{"embeddable":true,"href":"https:\/\/bertwin.de\/irmgard-melitta\/index.php?rest_route=\/wp\/v2\/users\/2"}],"replies":[{"embeddable":true,"href":"https:\/\/bertwin.de\/irmgard-melitta\/index.php?rest_route=%2Fwp%2Fv2%2Fcomments&post=9189"}],"version-history":[{"count":2,"href":"https:\/\/bertwin.de\/irmgard-melitta\/index.php?rest_route=\/wp\/v2\/pages\/9189\/revisions"}],"predecessor-version":[{"id":11332,"href":"https:\/\/bertwin.de\/irmgard-melitta\/index.php?rest_route=\/wp\/v2\/pages\/9189\/revisions\/11332"}],"wp:attachment":[{"href":"https:\/\/bertwin.de\/irmgard-melitta\/index.php?rest_route=%2Fwp%2Fv2%2Fmedia&parent=9189"}],"curies":[{"name":"wp","href":"https:\/\/api.w.org\/{rel}","templated":true}]}}