{"id":9052,"date":"2015-12-23T23:19:57","date_gmt":"2015-12-23T21:19:57","guid":{"rendered":"http:\/\/bertwin.de\/irmgard-melitta\/?page_id=9052"},"modified":"2016-08-18T21:42:29","modified_gmt":"2016-08-18T19:42:29","slug":"weihnachtsfeier-des-caritas-seniorenzentrums-st-valentin-in-karlsruhe-daxlande","status":"publish","type":"page","link":"https:\/\/bertwin.de\/irmgard-melitta\/?page_id=9052","title":{"rendered":"Weihnachtsfeier des Caritas-Seniorenzentrums St. Valentin in Karlsruhe-Daxlande"},"content":{"rendered":"<p>&nbsp;<\/p>\n<p>Ein in festlich-weihnachtlichem Rot geschm\u00fcckter Raum mit rotem Tischschmuck und Weihnachtssternen\u00a0gemischt mit dem Gr\u00fcn der Tanne sowie ein Weihnachtsbaum, zauberten die richtige Atmosph\u00e4re f\u00fcr eine\u00a0besinnliche Feier im Caritas-Seniorenzentrum St. Valentin in Karlsruhe-Daxlanden am <strong>18. Dezember 2015.<\/strong><\/p>\n<p>Die Sopranistin <strong>Melitta Giel<\/strong> brachte die klassischen Weihnachtslieder wie \u201eWenn ein Stern vom Himmel f\u00e4llt\u201c,\u00a0\u201eTr\u00e4ume unterm Christbaum\u201c und \u201eEs bl\u00fcht eine Rose zur Weihnachtszeit\u201c gesanglich-besinnlich zu Geh\u00f6r.<\/p>\n<p>Bei \u201eFr\u00f6hliche Weihnacht\u201c, \u201eAlle Jahre wieder\u201c und \u201eO du fr\u00f6hliche\u201c stimmten auch die Senioren mit ein.<\/p>\n<p><a href=\"http:\/\/bertwin.de\/irmgard-melitta\/wp-content\/uploads\/2015\/12\/IMG_6164_n1.jpg\" rel=\"lightbox[9052]\"><img loading=\"lazy\" decoding=\"async\" class=\"alignleft size-full wp-image-9054\" src=\"http:\/\/bertwin.de\/irmgard-melitta\/wp-content\/uploads\/2015\/12\/IMG_6164_n1.jpg\" alt=\"IMG_6164_n\" width=\"333\" height=\"500\" \/><\/a><a href=\"http:\/\/bertwin.de\/irmgard-melitta\/wp-content\/uploads\/2015\/12\/IMG_6175_n.jpg\" rel=\"lightbox[9052]\"><img loading=\"lazy\" decoding=\"async\" class=\"alignleft size-full wp-image-9055\" src=\"http:\/\/bertwin.de\/irmgard-melitta\/wp-content\/uploads\/2015\/12\/IMG_6175_n.jpg\" alt=\"IMG_6175_n\" width=\"500\" height=\"333\" srcset=\"https:\/\/bertwin.de\/irmgard-melitta\/wp-content\/uploads\/2015\/12\/IMG_6175_n.jpg 500w, https:\/\/bertwin.de\/irmgard-melitta\/wp-content\/uploads\/2015\/12\/IMG_6175_n-300x200.jpg 300w, https:\/\/bertwin.de\/irmgard-melitta\/wp-content\/uploads\/2015\/12\/IMG_6175_n-450x300.jpg 450w\" sizes=\"auto, (max-width: 500px) 100vw, 500px\" \/><\/a><a href=\"http:\/\/bertwin.de\/irmgard-melitta\/wp-content\/uploads\/2015\/12\/IMG_6182_n.jpg\" rel=\"lightbox[9052]\"><img loading=\"lazy\" decoding=\"async\" class=\"alignleft size-full wp-image-9056\" src=\"http:\/\/bertwin.de\/irmgard-melitta\/wp-content\/uploads\/2015\/12\/IMG_6182_n.jpg\" alt=\"IMG_6182_n\" width=\"500\" height=\"333\" srcset=\"https:\/\/bertwin.de\/irmgard-melitta\/wp-content\/uploads\/2015\/12\/IMG_6182_n.jpg 500w, https:\/\/bertwin.de\/irmgard-melitta\/wp-content\/uploads\/2015\/12\/IMG_6182_n-300x200.jpg 300w, https:\/\/bertwin.de\/irmgard-melitta\/wp-content\/uploads\/2015\/12\/IMG_6182_n-450x300.jpg 450w\" sizes=\"auto, (max-width: 500px) 100vw, 500px\" \/><\/a><\/p>\n","protected":false},"excerpt":{"rendered":"<p>&nbsp; Ein in festlich-weihnachtlichem Rot geschm\u00fcckter Raum mit rotem Tischschmuck und Weihnachtssternen\u00a0gemischt mit dem Gr\u00fcn der Tanne sowie ein Weihnachtsbaum, zauberten die richtige Atmosph\u00e4re f\u00fcr eine\u00a0besinnliche Feier im Caritas-Seniorenzentrum St. Valentin in Karlsruhe-Daxlanden am 18. Dezember 2015. Die Sopranistin Melitta &hellip; <a href=\"https:\/\/bertwin.de\/irmgard-melitta\/?page_id=9052\">Weiterlesen <span class=\"meta-nav\">&rarr;<\/span><\/a><\/p>\n","protected":false},"author":2,"featured_media":0,"parent":0,"menu_order":0,"comment_status":"closed","ping_status":"closed","template":"","meta":{"footnotes":""},"class_list":["post-9052","page","type-page","status-publish","hentry"],"_links":{"self":[{"href":"https:\/\/bertwin.de\/irmgard-melitta\/index.php?rest_route=\/wp\/v2\/pages\/9052","targetHints":{"allow":["GET"]}}],"collection":[{"href":"https:\/\/bertwin.de\/irmgard-melitta\/index.php?rest_route=\/wp\/v2\/pages"}],"about":[{"href":"https:\/\/bertwin.de\/irmgard-melitta\/index.php?rest_route=\/wp\/v2\/types\/page"}],"author":[{"embeddable":true,"href":"https:\/\/bertwin.de\/irmgard-melitta\/index.php?rest_route=\/wp\/v2\/users\/2"}],"replies":[{"embeddable":true,"href":"https:\/\/bertwin.de\/irmgard-melitta\/index.php?rest_route=%2Fwp%2Fv2%2Fcomments&post=9052"}],"version-history":[{"count":2,"href":"https:\/\/bertwin.de\/irmgard-melitta\/index.php?rest_route=\/wp\/v2\/pages\/9052\/revisions"}],"predecessor-version":[{"id":9371,"href":"https:\/\/bertwin.de\/irmgard-melitta\/index.php?rest_route=\/wp\/v2\/pages\/9052\/revisions\/9371"}],"wp:attachment":[{"href":"https:\/\/bertwin.de\/irmgard-melitta\/index.php?rest_route=%2Fwp%2Fv2%2Fmedia&parent=9052"}],"curies":[{"name":"wp","href":"https:\/\/api.w.org\/{rel}","templated":true}]}}