{"id":8565,"date":"2015-05-03T19:04:55","date_gmt":"2015-05-03T17:04:55","guid":{"rendered":"http:\/\/bertwin.de\/irmgard-melitta\/?page_id=8565"},"modified":"2023-09-08T10:30:17","modified_gmt":"2023-09-08T08:30:17","slug":"benefizkonzert-ettlingen-2015","status":"publish","type":"page","link":"https:\/\/bertwin.de\/irmgard-melitta\/?page_id=8565","title":{"rendered":"Benefiz-Konzert Ettlingen 2015"},"content":{"rendered":"<p><strong>Auf musikalischen Fl\u00fcgeln<\/strong><br \/>\n<strong>ein vokal und instrumental Benefiz-Konzert,<\/strong><br \/>\n<strong>organisiert vom Lions-Club Ettlingen<\/strong><br \/>\nKnapp dreieinhalb Stunden durfte am<strong> 25. April 2015<\/strong> ein fasziniertes, ber\u00fchrtes, begeistertes und nachdenklich gewordenes Publikum in der Schlossgartenhalle Ettlingen \u201eAuf musikalischen Fl\u00fcgeln\u201c durch die Welt reisen. Die Mitwirkenden an diesem Abend waren:<strong> Der Extrachor am Badischen Staatstheater Karlsruhe<\/strong>,<strong> das Kammerorchester<\/strong> <strong>Weihefeld e.V.<\/strong> und der<strong> Karlsruher Kammerchor \u201eDie Ehemaligen\u201c,<\/strong> unter der Leitung von<strong> Reinhard Kretschmann<\/strong>. F\u00fcr die Gesamtorganisation und die Gestaltung des musikalischen Programms war die<strong> private Musikschule Eva Wasmer<\/strong> zust\u00e4ndig.<br \/>\nEr\u00f6ffnet wurde das Programm durch die Vorreden der Pr\u00e4sidentin des Lions-Club, Frau <strong>Dr. Sybille Scholtz<\/strong> und des Ettlinger Oberb\u00fcrgermeisters, <strong>Herrn Thomas Fedrow<\/strong>. Beide stellten das Engagement des Lions-Club f\u00fcr eine bessere Suchtpr\u00e4vention in den Vordergrund. Ein besonderer Schwerpunkt in diesem Jahr ist das Thema Auge, wo man sehr viel \u00fcber das Sehen, Seherkrankungen und Blindheit gelernt hat.<br \/>\nDer erste Teil des musikalischen Programms umfasste Operetten und Musicals, die von den Mitgliedern des Extrachores am Badischen Staatstheater Karlsruhe vorgetragen wurden.<br \/>\nHier die Reihenfolge der Vortr\u00e4ge und die jeweiligen Akteure:<\/p>\n<p>1. Aus \u201eSchwarzwaldm\u00e4del\u201c, von Leon Jessel: \u201eWir sind auf der Walz\u201c, vorgetragen vom <strong>Extrachor;<\/strong><br \/>\n2. \u201eFr\u00fchlingsstimmen-Walzer\u201c, von Johann Strauss Sohn, vorgetragen von <strong>Melitta Giel<\/strong> (Sorpan);<br \/>\n3. Aus \u201eDer Zigeunerbaron\u201c: \u201eBorstenvieh und Schweinespeck\u201c, von Johann Strauss Sohn, vorgetragen von<strong> Hans-J\u00fcrgen K\u00f6hler<\/strong> (Bass);<br \/>\n4. Aus \u201eDie lustige Witwe\u201c, von Franz Lehar: \u201eLippen schweigen\u201c, vorgetragen von <strong>Andrea Steiner (<\/strong>Sopran) und<strong> Peter Woidelko<\/strong> (Bariton);<br \/>\n5. Ein Medley aus \u201eIm wei\u00dfen R\u00f6ssl\u201c, von Ralph Benatzky, vorgetragen vom<strong> Extrachor;<\/strong><br \/>\n6. Ein Medley aus \u201eMy fair Lady\u201c, von Frederik Loewe, vorgetragen von <strong>Andrea Steiner<\/strong> (Sopran) und<strong> Peter Woidelko (<\/strong>Bariton) und dem<strong> Extrachor;<\/strong><br \/>\n7. Aus dem Musical \u201eCats\u201c, von Andrew Lloyd Webber: \u201eMemory\u201c, vorgetragen von <strong>Sabine Polgar<\/strong> (Alt);<br \/>\n8. Aus dem Musical \u201eWest side story\u201c, von Leonard Bernstein: \u201eI feel pretty\u201c, vorgetragen von <strong>Martina Layer<\/strong> (Sopran) und dem<strong> Extrachor<\/strong>; \u201eSomewhere\u201c, vorgetragen von <strong>Sabine Polgar <\/strong>(Alt<strong>) ;<\/strong><br \/>\n9. \u201eThere is no business like showbusiness\u201c, vorgetragen vom <strong>Extrachor;<\/strong><\/p>\n<p>Der zweite Teil wurde durch das <strong>Kammerorchester Weiherfeld<\/strong> mit \u201eDivertimento in F-Dur KV138\u201c, von W. A. Mozart er\u00f6ffnet.<br \/>\nAnschlie\u00dfend folgte der Vortrag des Karlsruher Kammerchores<strong> \u201eDie Ehemaligen\u201c<\/strong>. Er nahm das Publikum auf eine musikalische Reise nach Deutschland, England, Israel, USA und Afrika mit. Daf\u00fcr bedankten sich die Anwesenden mit anhaltendem Applaus.<br \/>\nDurch das Programm f\u00fchrte <strong>Peter Woidelko<\/strong>. Der Extrachor wurde am Fl\u00fcgel von <strong>Annedore Hacker<\/strong> und dem stellvertretenden Chordirektor des Badischen Staatstheaters <strong>Stefan Neubert<\/strong> begleitet.<br \/>\nLetztendlich war es f\u00fcr das Publikum ein Abend des Genusses, der noch lange in Erinnerung bleiben wird, und f\u00fcr die Mitwirkenden eine Freude diesen wundervollen Abend gestalten zu d\u00fcrfen.<\/p>\n<p><strong>Dietmar Giel<\/strong><\/p>\n<p><a href=\"http:\/\/bertwin.de\/irmgard-melitta\/wp-content\/uploads\/2015\/05\/1.jpg\" rel=\"lightbox[8565]\"><img loading=\"lazy\" decoding=\"async\" class=\"alignleft size-full wp-image-8566\" src=\"http:\/\/bertwin.de\/irmgard-melitta\/wp-content\/uploads\/2015\/05\/1.jpg\" alt=\"1\" width=\"500\" height=\"333\" srcset=\"https:\/\/bertwin.de\/irmgard-melitta\/wp-content\/uploads\/2015\/05\/1.jpg 500w, https:\/\/bertwin.de\/irmgard-melitta\/wp-content\/uploads\/2015\/05\/1-300x199.jpg 300w, https:\/\/bertwin.de\/irmgard-melitta\/wp-content\/uploads\/2015\/05\/1-450x300.jpg 450w\" sizes=\"auto, (max-width: 500px) 100vw, 500px\" \/><\/a><a href=\"http:\/\/bertwin.de\/irmgard-melitta\/wp-content\/uploads\/2015\/05\/4.jpg\" rel=\"lightbox[8565]\"><img loading=\"lazy\" decoding=\"async\" class=\"alignleft size-full wp-image-8569\" src=\"http:\/\/bertwin.de\/irmgard-melitta\/wp-content\/uploads\/2015\/05\/4.jpg\" alt=\"4\" width=\"500\" height=\"333\" srcset=\"https:\/\/bertwin.de\/irmgard-melitta\/wp-content\/uploads\/2015\/05\/4.jpg 500w, https:\/\/bertwin.de\/irmgard-melitta\/wp-content\/uploads\/2015\/05\/4-300x199.jpg 300w, https:\/\/bertwin.de\/irmgard-melitta\/wp-content\/uploads\/2015\/05\/4-450x300.jpg 450w\" sizes=\"auto, (max-width: 500px) 100vw, 500px\" \/><\/a><a href=\"http:\/\/bertwin.de\/irmgard-melitta\/wp-content\/uploads\/2015\/05\/6.jpg\" rel=\"lightbox[8565]\"><img loading=\"lazy\" decoding=\"async\" class=\"alignleft size-full wp-image-8571\" src=\"http:\/\/bertwin.de\/irmgard-melitta\/wp-content\/uploads\/2015\/05\/6.jpg\" alt=\"6\" width=\"222\" height=\"333\" srcset=\"https:\/\/bertwin.de\/irmgard-melitta\/wp-content\/uploads\/2015\/05\/6.jpg 222w, https:\/\/bertwin.de\/irmgard-melitta\/wp-content\/uploads\/2015\/05\/6-200x300.jpg 200w\" sizes=\"auto, (max-width: 222px) 100vw, 222px\" \/><\/a><\/p>\n","protected":false},"excerpt":{"rendered":"<p>Auf musikalischen Fl\u00fcgeln ein vokal und instrumental Benefiz-Konzert, organisiert vom Lions-Club Ettlingen Knapp dreieinhalb Stunden durfte am 25. April 2015 ein fasziniertes, ber\u00fchrtes, begeistertes und nachdenklich gewordenes Publikum in der Schlossgartenhalle Ettlingen \u201eAuf musikalischen Fl\u00fcgeln\u201c durch die Welt reisen. Die &hellip; <a href=\"https:\/\/bertwin.de\/irmgard-melitta\/?page_id=8565\">Weiterlesen <span class=\"meta-nav\">&rarr;<\/span><\/a><\/p>\n","protected":false},"author":2,"featured_media":0,"parent":0,"menu_order":0,"comment_status":"closed","ping_status":"closed","template":"","meta":{"footnotes":""},"class_list":["post-8565","page","type-page","status-publish","hentry"],"_links":{"self":[{"href":"https:\/\/bertwin.de\/irmgard-melitta\/index.php?rest_route=\/wp\/v2\/pages\/8565","targetHints":{"allow":["GET"]}}],"collection":[{"href":"https:\/\/bertwin.de\/irmgard-melitta\/index.php?rest_route=\/wp\/v2\/pages"}],"about":[{"href":"https:\/\/bertwin.de\/irmgard-melitta\/index.php?rest_route=\/wp\/v2\/types\/page"}],"author":[{"embeddable":true,"href":"https:\/\/bertwin.de\/irmgard-melitta\/index.php?rest_route=\/wp\/v2\/users\/2"}],"replies":[{"embeddable":true,"href":"https:\/\/bertwin.de\/irmgard-melitta\/index.php?rest_route=%2Fwp%2Fv2%2Fcomments&post=8565"}],"version-history":[{"count":5,"href":"https:\/\/bertwin.de\/irmgard-melitta\/index.php?rest_route=\/wp\/v2\/pages\/8565\/revisions"}],"predecessor-version":[{"id":11330,"href":"https:\/\/bertwin.de\/irmgard-melitta\/index.php?rest_route=\/wp\/v2\/pages\/8565\/revisions\/11330"}],"wp:attachment":[{"href":"https:\/\/bertwin.de\/irmgard-melitta\/index.php?rest_route=%2Fwp%2Fv2%2Fmedia&parent=8565"}],"curies":[{"name":"wp","href":"https:\/\/api.w.org\/{rel}","templated":true}]}}