{"id":2,"date":"2008-07-17T14:12:11","date_gmt":"2008-07-17T12:12:11","guid":{"rendered":"http:\/\/irmgard-melitta.de\/?page_id=2"},"modified":"2018-12-11T23:08:54","modified_gmt":"2018-12-11T21:08:54","slug":"ueber","status":"publish","type":"page","link":"https:\/\/bertwin.de\/irmgard-melitta\/","title":{"rendered":"\u00dcber uns"},"content":{"rendered":"<p><strong>Irmgard Holzinger-Fr\u00f6hr &amp; Melitta Giel<\/strong><\/p>\n<p>Die beiden S\u00e4ngerinnen sind seit fast 30 Jahren Mitglieder des Banater Chores Karlsruhe und zugleich dessen Solistinnen. Sie nehmen klassischen Musikunterricht und singen sowohl Solo als auch im Duett klassische und volkst\u00fcmliche Lieder. Ihr musikalisches K\u00f6nnen beweisen sie mit Erfolg bei verschiedenen Gelegenheiten: Tag der Heimat, Festival der Banater Ch\u00f6re, Treffen der Banater Heimatortsgemeinschaften, Weihnachtsfeste, Liederabende, Konzerte, Hochzeiten usw. Am Klavier bzw. an der Orgel werden sie von Doris Slavik und Bruno Scarambone begleitet. Zu den S\u00e4ngerinnen einzeln:<\/p>\n<p><a href=\"http:\/\/bertwin.de\/irmgard-melitta\/wp-content\/uploads\/2009\/01\/cimg22343.jpg\" rel=\"lightbox[2]\"><img loading=\"lazy\" decoding=\"async\" class=\"alignnone size-full wp-image-690\" title=\"cimg22343\" src=\"http:\/\/bertwin.de\/irmgard-melitta\/wp-content\/uploads\/2009\/01\/cimg22343.jpg\" alt=\"\" width=\"344\" height=\"498\" srcset=\"https:\/\/bertwin.de\/irmgard-melitta\/wp-content\/uploads\/2009\/01\/cimg22343.jpg 344w, https:\/\/bertwin.de\/irmgard-melitta\/wp-content\/uploads\/2009\/01\/cimg22343-207x300.jpg 207w\" sizes=\"auto, (max-width: 344px) 100vw, 344px\" \/><\/a><\/p>\n<p><strong>Irmgard Holzinger-Fr\u00f6hr,<\/strong>(Sopran) wurde in Temeschburg\/Banat geboren, verbrachte ihre Kindheit und Jugendzeit in Billed bzw. Lovrin und wohnt zur Zeit in Rheinstetten bei Karlsruhe. Die Liebe zur Musik wurde ihr schon in die Wiege gelegt \u2013 ihr Gro\u00dfvater Michael Braun, war Kapellmeister in Billed und ihre Mutter Musiklehrerin. In Lovrin aufgewachsen, wurde sie schon in jungen Jahren S\u00e4ngerin im \u00f6rtlichen \u201eNikolaus-Barzer-Orchester\u201c und hatte Auftritte im Rum\u00e4nischen Fernsehen &#8211; Deutsche Stunde. Nach der Aussiedlung nach Deutschland (1985) trat sie als S\u00e4ngerin und Solistin dem Chor der Banater Schwaben Karlsruhe bei und gr\u00fcndete gleilchzeitig mit Isolde Reitz das \u201eDuo Romantika\u201c, was beiden bei verschiedenen Auftritten zwischen 1986 und 1994 gro\u00dfe Erfolge einbrachte. Ihre sch\u00f6nsten Lieder sind auf der CD \u201eHeute ist f\u00fcr mich ein sch\u00f6ner Tag\u201c verewigt. Nach der Aufl\u00f6sung des Duos trat Irmgard als Solistin \u201eSara\u201c weiter auf.<\/p>\n<p><a href=\"http:\/\/bertwin.de\/irmgard-melitta\/wp-content\/uploads\/2009\/01\/melitta-31.jpg\" rel=\"lightbox[2]\"><img loading=\"lazy\" decoding=\"async\" class=\"alignnone size-full wp-image-642\" title=\"melitta-31\" src=\"http:\/\/bertwin.de\/irmgard-melitta\/wp-content\/uploads\/2009\/01\/melitta-31.jpg\" alt=\"\" width=\"337\" height=\"597\" srcset=\"https:\/\/bertwin.de\/irmgard-melitta\/wp-content\/uploads\/2009\/01\/melitta-31.jpg 337w, https:\/\/bertwin.de\/irmgard-melitta\/wp-content\/uploads\/2009\/01\/melitta-31-169x300.jpg 169w\" sizes=\"auto, (max-width: 337px) 100vw, 337px\" \/><\/a><\/p>\n<p><strong>Melitta Giel ,<\/strong>(Sopran) geb. Bors, wurde in Temeschburg\/Banat geboren und wuchs in Kleinjetscha auf. Ihre musikalischen F\u00e4higkeiten wurden von ihrem Taufpaten Josef Blum gef\u00f6rdert, der ab 1962 die Leitung der Musikschule in ihrem Heimatort innehatte. Mit 6 Jahren nahm sie den ersten Geigenunterricht und begann schon w\u00e4hrend der ersten Schuljahre mit ihrer Cousine Isolde Blum Duette zu singen. Ihre ersten \u00f6ffentlichen Darbietungen fanden anl\u00e4sslich verschiedener schulischer Veranstaltungen statt, sp\u00e4ter sang sie mit ihrer Cousine im Jugendorchester ihres Heimatortes sowie in der Gro\u00dfjetschaer Musikkapelle, die Anfang der 80-er Jahre in vielen Banater Ortschaften zu verschiedenen Anl\u00e4ssen aufspielte. 1990 trat sie in ihrer neuen Heimatstadt Karlsruhe dem hier t\u00e4tigen Chor der Banater Schwaben bei, wobei ihre Vorliebe zur Zeit der klassischen Musik gilt. Zur Zeit singt sie im Extrachor am Badischen Staatstheaters Karlsruhe<\/p>\n","protected":false},"excerpt":{"rendered":"<p>Irmgard Holzinger-Fr\u00f6hr &amp; Melitta Giel Die beiden S\u00e4ngerinnen sind seit fast 30 Jahren Mitglieder des Banater Chores Karlsruhe und zugleich dessen Solistinnen. Sie nehmen klassischen Musikunterricht und singen sowohl Solo als auch im Duett klassische und volkst\u00fcmliche Lieder. Ihr musikalisches &hellip; <a href=\"https:\/\/bertwin.de\/irmgard-melitta\/\">Weiterlesen <span class=\"meta-nav\">&rarr;<\/span><\/a><\/p>\n","protected":false},"author":1,"featured_media":0,"parent":0,"menu_order":10,"comment_status":"closed","ping_status":"closed","template":"","meta":{"footnotes":""},"class_list":["post-2","page","type-page","status-publish","hentry"],"_links":{"self":[{"href":"https:\/\/bertwin.de\/irmgard-melitta\/index.php?rest_route=\/wp\/v2\/pages\/2","targetHints":{"allow":["GET"]}}],"collection":[{"href":"https:\/\/bertwin.de\/irmgard-melitta\/index.php?rest_route=\/wp\/v2\/pages"}],"about":[{"href":"https:\/\/bertwin.de\/irmgard-melitta\/index.php?rest_route=\/wp\/v2\/types\/page"}],"author":[{"embeddable":true,"href":"https:\/\/bertwin.de\/irmgard-melitta\/index.php?rest_route=\/wp\/v2\/users\/1"}],"replies":[{"embeddable":true,"href":"https:\/\/bertwin.de\/irmgard-melitta\/index.php?rest_route=%2Fwp%2Fv2%2Fcomments&post=2"}],"version-history":[{"count":60,"href":"https:\/\/bertwin.de\/irmgard-melitta\/index.php?rest_route=\/wp\/v2\/pages\/2\/revisions"}],"predecessor-version":[{"id":10156,"href":"https:\/\/bertwin.de\/irmgard-melitta\/index.php?rest_route=\/wp\/v2\/pages\/2\/revisions\/10156"}],"wp:attachment":[{"href":"https:\/\/bertwin.de\/irmgard-melitta\/index.php?rest_route=%2Fwp%2Fv2%2Fmedia&parent=2"}],"curies":[{"name":"wp","href":"https:\/\/api.w.org\/{rel}","templated":true}]}}