{"id":11665,"date":"2025-05-25T09:12:37","date_gmt":"2025-05-25T07:12:37","guid":{"rendered":"https:\/\/bertwin.de\/irmgard-melitta\/?page_id=11665"},"modified":"2025-10-31T09:51:00","modified_gmt":"2025-10-31T07:51:00","slug":"chor-konzert","status":"publish","type":"page","link":"https:\/\/bertwin.de\/irmgard-melitta\/?page_id=11665","title":{"rendered":"Chor-Konzert"},"content":{"rendered":"\n<p>Am <strong>11. Mai 2025<\/strong> fand in der St. Josef Kirche Karlsruhe-Gr\u00fcnwinkel das Konzert des Chores der Banater Schwaben Karlsruhe statt. Es beinhaltete Werke von Johann Strau\u00df, anl\u00e4sslich der 200 Jahre Feier. Musikalische Leitung <strong>Sonja Salman<\/strong>. Tanzeinlagen <strong>Miriam \u00d6sterreicher<\/strong> und <strong>Holger Giel,<\/strong> Choreographie <strong>Dagmar \u00d6sterreicher. <\/strong><\/p>\n\n\n\n<p>Foto: <strong>Beate Dietrich<\/strong><\/p>\n\n\n\n<p>Video: <strong>Ottmar Liep<\/strong><\/p>\n\n\n\n<p><a href=\"https:\/\/www.youtube.com\/watch?v=d9IUoUPDd9k&amp;t=169s\">https:\/\/www.youtube.com\/watch?v=d9IUoUPDd9k&amp;t=169s<\/a><\/p>\n\n\n\n<figure class=\"wp-block-image size-full\"><a href=\"https:\/\/bertwin.de\/irmgard-melitta\/wp-content\/uploads\/2025\/05\/300A4522.jpg\" rel=\"lightbox[11665]\"><img loading=\"lazy\" decoding=\"async\" width=\"495\" height=\"330\" src=\"https:\/\/bertwin.de\/irmgard-melitta\/wp-content\/uploads\/2025\/05\/300A4522.jpg\" alt=\"\" class=\"wp-image-11671\" srcset=\"https:\/\/bertwin.de\/irmgard-melitta\/wp-content\/uploads\/2025\/05\/300A4522.jpg 495w, https:\/\/bertwin.de\/irmgard-melitta\/wp-content\/uploads\/2025\/05\/300A4522-300x200.jpg 300w, https:\/\/bertwin.de\/irmgard-melitta\/wp-content\/uploads\/2025\/05\/300A4522-450x300.jpg 450w\" sizes=\"auto, (max-width: 495px) 100vw, 495px\" \/><\/a><\/figure>\n\n\n\n<figure class=\"wp-block-image size-full\"><a href=\"https:\/\/bertwin.de\/irmgard-melitta\/wp-content\/uploads\/2025\/05\/300A4440.jpg\" rel=\"lightbox[11665]\"><img loading=\"lazy\" decoding=\"async\" width=\"220\" height=\"330\" src=\"https:\/\/bertwin.de\/irmgard-melitta\/wp-content\/uploads\/2025\/05\/300A4440.jpg\" alt=\"\" class=\"wp-image-11672\" srcset=\"https:\/\/bertwin.de\/irmgard-melitta\/wp-content\/uploads\/2025\/05\/300A4440.jpg 220w, https:\/\/bertwin.de\/irmgard-melitta\/wp-content\/uploads\/2025\/05\/300A4440-200x300.jpg 200w\" sizes=\"auto, (max-width: 220px) 100vw, 220px\" \/><\/a><\/figure>\n\n\n\n<figure class=\"wp-block-image size-full\"><a href=\"https:\/\/bertwin.de\/irmgard-melitta\/wp-content\/uploads\/2025\/05\/IMG-20250511-WA0003.jpg\" rel=\"lightbox[11665]\"><img loading=\"lazy\" decoding=\"async\" width=\"248\" height=\"330\" src=\"https:\/\/bertwin.de\/irmgard-melitta\/wp-content\/uploads\/2025\/05\/IMG-20250511-WA0003.jpg\" alt=\"\" class=\"wp-image-11674\" srcset=\"https:\/\/bertwin.de\/irmgard-melitta\/wp-content\/uploads\/2025\/05\/IMG-20250511-WA0003.jpg 248w, https:\/\/bertwin.de\/irmgard-melitta\/wp-content\/uploads\/2025\/05\/IMG-20250511-WA0003-225x300.jpg 225w\" sizes=\"auto, (max-width: 248px) 100vw, 248px\" \/><\/a><\/figure>\n","protected":false},"excerpt":{"rendered":"<p>Am 11. Mai 2025 fand in der St. Josef Kirche Karlsruhe-Gr\u00fcnwinkel das Konzert des Chores der Banater Schwaben Karlsruhe statt. Es beinhaltete Werke von Johann Strau\u00df, anl\u00e4sslich der 200 Jahre Feier. Musikalische Leitung Sonja Salman. Tanzeinlagen Miriam \u00d6sterreicher und Holger &hellip; <a href=\"https:\/\/bertwin.de\/irmgard-melitta\/?page_id=11665\">Weiterlesen <span class=\"meta-nav\">&rarr;<\/span><\/a><\/p>\n","protected":false},"author":2,"featured_media":0,"parent":0,"menu_order":0,"comment_status":"closed","ping_status":"closed","template":"","meta":{"footnotes":""},"class_list":["post-11665","page","type-page","status-publish","hentry"],"_links":{"self":[{"href":"https:\/\/bertwin.de\/irmgard-melitta\/index.php?rest_route=\/wp\/v2\/pages\/11665","targetHints":{"allow":["GET"]}}],"collection":[{"href":"https:\/\/bertwin.de\/irmgard-melitta\/index.php?rest_route=\/wp\/v2\/pages"}],"about":[{"href":"https:\/\/bertwin.de\/irmgard-melitta\/index.php?rest_route=\/wp\/v2\/types\/page"}],"author":[{"embeddable":true,"href":"https:\/\/bertwin.de\/irmgard-melitta\/index.php?rest_route=\/wp\/v2\/users\/2"}],"replies":[{"embeddable":true,"href":"https:\/\/bertwin.de\/irmgard-melitta\/index.php?rest_route=%2Fwp%2Fv2%2Fcomments&post=11665"}],"version-history":[{"count":6,"href":"https:\/\/bertwin.de\/irmgard-melitta\/index.php?rest_route=\/wp\/v2\/pages\/11665\/revisions"}],"predecessor-version":[{"id":11794,"href":"https:\/\/bertwin.de\/irmgard-melitta\/index.php?rest_route=\/wp\/v2\/pages\/11665\/revisions\/11794"}],"wp:attachment":[{"href":"https:\/\/bertwin.de\/irmgard-melitta\/index.php?rest_route=%2Fwp%2Fv2%2Fmedia&parent=11665"}],"curies":[{"name":"wp","href":"https:\/\/api.w.org\/{rel}","templated":true}]}}