{"id":10376,"date":"2019-07-07T18:54:14","date_gmt":"2019-07-07T16:54:14","guid":{"rendered":"http:\/\/bertwin.de\/irmgard-melitta\/?page_id=10376"},"modified":"2019-07-07T20:31:19","modified_gmt":"2019-07-07T18:31:19","slug":"melodienzauber","status":"publish","type":"page","link":"https:\/\/bertwin.de\/irmgard-melitta\/?page_id=10376","title":{"rendered":"&#8222;Melodienzauber&#8220;"},"content":{"rendered":"<p><strong>&#8222;M<span style=\"color: #333333; font-style: normal;\">elodienzauber&#8220; &#8211; die neue CD von Melitta Giel<\/span><\/strong><\/p>\n<p><img loading=\"lazy\" decoding=\"async\" class=\"alignleft size-full wp-image-10401\" src=\"http:\/\/bertwin.de\/irmgard-melitta\/wp-content\/uploads\/2019\/07\/IMG_0120_NEU_NEU.jpg\" alt=\"\" width=\"331\" height=\"333\" srcset=\"https:\/\/bertwin.de\/irmgard-melitta\/wp-content\/uploads\/2019\/07\/IMG_0120_NEU_NEU.jpg 331w, https:\/\/bertwin.de\/irmgard-melitta\/wp-content\/uploads\/2019\/07\/IMG_0120_NEU_NEU-150x150.jpg 150w, https:\/\/bertwin.de\/irmgard-melitta\/wp-content\/uploads\/2019\/07\/IMG_0120_NEU_NEU-298x300.jpg 298w\" sizes=\"auto, (max-width: 331px) 100vw, 331px\" \/><\/p>\n<p>&nbsp;<\/p>\n<p>&nbsp;<\/p>\n<p>&nbsp;<\/p>\n<p>&nbsp;<\/p>\n<p>&nbsp;<\/p>\n<p>&nbsp;<\/p>\n<p>&nbsp;<\/p>\n<p>&nbsp;<\/p>\n<p>Liebe Freunde,<\/p>\n<p>zu meinem 50. B\u00fchnenjubil\u00e4um habe ich mir zu Weihnachten 2018 einen langersehnten Herzenswunsch erf\u00fcllt und mir selbst mit dieser CD ein musikalisches Geschenk gemacht.<\/p>\n<p>Auch in diesem Jahr 2019 begehe ich ein weiteres, etwas bescheideneres Jubil\u00e4um. Seit zehn Jahren darf ich mit meiner Sopranstimme den Extra-Chor am Badischen Staatstheater Karlsruhe unterst\u00fctzen, der bei gro\u00dfen Opern und Sinfoniekonzerten mitwirkt.<\/p>\n<p>Meinen Eltern Magdalena und Johann Bors gilt ein besonderes, herzliches Dankesch\u00f6n f\u00fcr ihre Unterst\u00fctzung in jeder Lebensphase. Ein weiteres Dankesch\u00f6n geht an meinen Mann Dietmar und meinen Sohn Holger. Danken m\u00f6chte ich auch meiner Gesangslehrerin Frau Maria Szigeti-R\u00fcdiger, meinem Pianisten Bruno Scarambone und meinem Bekannten Ronny Reck, in dessen Tonstudio diese CD aufgenommen wurde.<\/p>\n<p>Das \u201eAve Maria\u201c habe ich meinem Vater gewidmet, der leider 2017 f\u00fcr immer entschlafen ist und allen, die einen geliebten Menschen in die Ewigkeit verabschiedet haben.<\/p>\n<p>Abschlie\u00dfend m\u00f6chte ich die Kammers\u00e4ngerin Frau Anneliese Rothenberger zitieren:<\/p>\n<p>\u201eIch glaube, so lange die Welt sich dreht, wird Musik die Herzen erfreuen und so lange die jungen Menschen das Feuer der sch\u00f6nen K\u00fcnste weitertragen in den grauen Alltag hinein, werden die Sorgen, wird das Leben ertr\u00e4glicher. Musik ist eine heilige Kunst, lassen wir diese Gnade in uns wirken.\u201c<\/p>\n<p>In diesem Sinne verbleibe ich herzlichst<\/p>\n<p>Eure Melitta Giel<\/p>\n<p>&nbsp;<\/p>\n<p><strong>MELODIENZAUBER<\/strong><\/p>\n<ol>\n<li>Singen ist Leben<\/li>\n<li>Wer liebt, ist nie allein<\/li>\n<li>Heimat ist &#8230;(Duett mit Dietmar Giel)<\/li>\n<li>Edelwei\u00df<\/li>\n<li>Der Fr\u00fchling (Klavier: Holger Giel)<\/li>\n<li>Fr\u00fchlingsstimmen-Walzer (Koloratur-Walzer)<\/li>\n<li>Wiener Kl\u00e4nge, Wiener Luft<\/li>\n<li>Fr\u00fchling in Wien<\/li>\n<li>Wien, Wien nur du allein<\/li>\n<li>Walzer in A-Dur (Klavier\/Strings: Holger Giel)<\/li>\n<li>Tausend Geigen<\/li>\n<li>Operetten-Medley (Duett mit Dietmar Giel)<\/li>\n<li>Meine Lippen, sie k\u00fcssen so hei\u00df<\/li>\n<li>Mein Herr Marquis<\/li>\n<li>Im wei\u00dfen R\u00f6ssl (Medley) (Duett mit Dietmar Giel)<\/li>\n<li>Ich hab mein Herz in Heidelberg verloren<\/li>\n<li>K\u00fcss mich, halt mich, lieb mich<\/li>\n<li>Sehnsuchtsmelodie (\u201eToselli &#8211; Serenade\u201c)<\/li>\n<li>Die Rose<\/li>\n<li>Deine Liebe (Duett mit Dietmar Giel)<\/li>\n<li>Ave Maria<\/li>\n<\/ol>\n<p>&nbsp;<\/p>\n<p><strong>Kontaktadresse<\/strong>:<\/p>\n<p>Melitta Giel<\/p>\n<p>Franz-Kafka-Str. 5<\/p>\n<p>76149 Karlsruhe<\/p>\n<p>Tel.: 0721\/865095<\/p>\n<p>E-Mail: dietmar.giel@t-online.de<\/p>\n<p>&nbsp;<\/p>\n<p>&nbsp;<\/p>\n<p>&nbsp;<\/p>\n<p>&nbsp;<\/p>\n<p>&nbsp;<\/p>\n<p>&nbsp;<\/p>\n<p>&nbsp;<\/p>\n<p>&nbsp;<\/p>\n<p>&nbsp;<\/p>\n<p>&nbsp;<\/p>\n<p>&nbsp;<\/p>\n<p>&nbsp;<\/p>\n<p>&nbsp;<\/p>\n<p>&nbsp;<\/p>\n<p>&nbsp;<\/p>\n<p>&nbsp;<\/p>\n<p>&nbsp;<\/p>\n<p>&nbsp;<\/p>\n<p><strong>Kontaktadresse<\/strong>:<\/p>\n<p>Melitta Giel<\/p>\n<p>Franz-Kafka-Str. 5<\/p>\n<p>76149 Karlsruhe<\/p>\n<p>Tel.: 0721\/865095<\/p>\n<p>E-Mail: dietmar.giel@t-online.de<\/p>\n<p>&nbsp;<\/p>\n<p>&nbsp;<\/p>\n<p>&nbsp;<\/p>\n<p>&nbsp;<\/p>\n<p>&nbsp;<\/p>\n<p>&nbsp;<\/p>\n<p>&nbsp;<\/p>\n<p>&nbsp;<\/p>\n<p>&nbsp;<\/p>\n<p>&nbsp;<\/p>\n<p>&nbsp;<\/p>\n<p>&nbsp;<\/p>\n<p>&nbsp;<\/p>\n<p>&nbsp;<\/p>\n<p>&nbsp;<\/p>\n<p>&nbsp;<\/p>\n","protected":false},"excerpt":{"rendered":"<p>&#8222;Melodienzauber&#8220; &#8211; die neue CD von Melitta Giel &nbsp; &nbsp; &nbsp; &nbsp; &nbsp; &nbsp; &nbsp; &nbsp; Liebe Freunde, zu meinem 50. B\u00fchnenjubil\u00e4um habe ich mir zu Weihnachten 2018 einen langersehnten Herzenswunsch erf\u00fcllt und mir selbst mit dieser CD ein musikalisches &hellip; <a href=\"https:\/\/bertwin.de\/irmgard-melitta\/?page_id=10376\">Weiterlesen <span class=\"meta-nav\">&rarr;<\/span><\/a><\/p>\n","protected":false},"author":2,"featured_media":0,"parent":0,"menu_order":0,"comment_status":"closed","ping_status":"closed","template":"","meta":{"footnotes":""},"class_list":["post-10376","page","type-page","status-publish","hentry"],"_links":{"self":[{"href":"https:\/\/bertwin.de\/irmgard-melitta\/index.php?rest_route=\/wp\/v2\/pages\/10376","targetHints":{"allow":["GET"]}}],"collection":[{"href":"https:\/\/bertwin.de\/irmgard-melitta\/index.php?rest_route=\/wp\/v2\/pages"}],"about":[{"href":"https:\/\/bertwin.de\/irmgard-melitta\/index.php?rest_route=\/wp\/v2\/types\/page"}],"author":[{"embeddable":true,"href":"https:\/\/bertwin.de\/irmgard-melitta\/index.php?rest_route=\/wp\/v2\/users\/2"}],"replies":[{"embeddable":true,"href":"https:\/\/bertwin.de\/irmgard-melitta\/index.php?rest_route=%2Fwp%2Fv2%2Fcomments&post=10376"}],"version-history":[{"count":12,"href":"https:\/\/bertwin.de\/irmgard-melitta\/index.php?rest_route=\/wp\/v2\/pages\/10376\/revisions"}],"predecessor-version":[{"id":10404,"href":"https:\/\/bertwin.de\/irmgard-melitta\/index.php?rest_route=\/wp\/v2\/pages\/10376\/revisions\/10404"}],"wp:attachment":[{"href":"https:\/\/bertwin.de\/irmgard-melitta\/index.php?rest_route=%2Fwp%2Fv2%2Fmedia&parent=10376"}],"curies":[{"name":"wp","href":"https:\/\/api.w.org\/{rel}","templated":true}]}}